{"id":13,"date":"2023-01-03T20:54:07","date_gmt":"2023-01-03T20:54:07","guid":{"rendered":"http:\/\/versanddrogerie.ch\/?page_id=13"},"modified":"2025-02-19T14:14:18","modified_gmt":"2025-02-19T13:14:18","slug":"versanddrogerie","status":"publish","type":"page","link":"https:\/\/versanddrogerie.ch\/","title":{"rendered":"Versanddrogerie"},"content":{"rendered":"\n<p>Eine Versanddrogerie ist ein Unternehmen, das Drogerieartikel \u00fcber das Internet verkauft und sie per Post oder Kurierdienst an den Kunden liefert. Die Artikel, die in einer Versanddrogerie angeboten werden, umfassen in der Regel Kosmetik, Pflegeprodukte, Haus- und Gartenbedarf, Babybedarf, Nahrungserg\u00e4nzungsmittel und andere Artikel des t\u00e4glichen Bedarfs. Es gibt auch Versandapotheken, die Medikamente und andere Gesundheitsprodukte verkaufen und liefern. Der Kauf von Drogerieartikeln \u00fcber eine Versanddrogerie bietet den Vorteil, dass die Kunden die Artikel bequem von zu Hause aus bestellen und sich liefern lassen k\u00f6nnen, ohne dass sie das Haus verlassen m\u00fcssen.<\/p>\n\n\n\n<p>Eine Drogerie ist ein Gesch\u00e4ft, in dem Drogerieartikel verkauft werden. Die Artikel, die in einer Drogerie angeboten werden, umfassen in der Regel Kosmetik, Pflegeprodukte, Haus- und Gartenbedarf, Babybedarf, Nahrungserg\u00e4nzungsmittel und andere Artikel des t\u00e4glichen Bedarfs. In manchen L\u00e4ndern werden auch Medikamente und andere Gesundheitsprodukte in Drogerien verkauft. Die Drogerie ist ein wichtiger Bestandteil des Einzelhandels und bietet den Kunden eine gro\u00dfe Auswahl an Produkten f\u00fcr den t\u00e4glichen Gebrauch. Die meisten Drogerien sind in St\u00e4dten und Ortschaften zu finden und haben in der Regel lange \u00d6ffnungszeiten, um den Kunden einen bequemen Einkauf zu erm\u00f6glichen.<\/p>\n\n\n\n<p>Der Hauptunterschied zwischen einer Drogerie und einer Apotheke besteht darin, dass Apotheken in erster Linie Medikamente verkaufen, w\u00e4hrend Drogerien eine breitere Palette von Produkten anbieten, die f\u00fcr den t\u00e4glichen Gebrauch bestimmt sind. Apotheken sind in der Regel auf die Bereitstellung von Medikamenten und anderen Gesundheitsprodukten spezialisiert, die zur Behandlung von Krankheiten und zur Verbesserung der Gesundheit beitragen. Drogerien bieten hingegen eine Vielzahl von Produkten an, darunter Kosmetik, Pflegeprodukte, Haus- und Gartenbedarf, Babybedarf und Nahrungserg\u00e4nzungsmittel. In einigen L\u00e4ndern werden auch in Drogerien Medikamente verkauft, aber in der Regel sind diese Artikel in Apotheken in gr\u00f6\u00dferer Auswahl und in gr\u00f6\u00dferen Mengen erh\u00e4ltlich.<\/p>\n","protected":false},"excerpt":{"rendered":"<p>Eine Versanddrogerie ist ein Unternehmen, das Drogerieartikel \u00fcber das Internet verkauft und sie per Post oder Kurierdienst an den Kunden liefert. Die Artikel, die in einer Versanddrogerie angeboten werden, umfassen in der Regel Kosmetik, Pflegeprodukte, Haus- und Gartenbedarf, Babybedarf, Nahrungserg\u00e4nzungsmittel und andere Artikel des t\u00e4glichen Bedarfs. Es gibt auch Versandapotheken, die Medikamente und andere Gesundheitsprodukte [&hellip;]<\/p>\n","protected":false},"author":1,"featured_media":0,"parent":0,"menu_order":0,"comment_status":"closed","ping_status":"closed","template":"","meta":{"footnotes":""},"class_list":["post-13","page","type-page","status-publish","hentry"],"yoast_head":"<!-- This site is optimized with the Yoast SEO plugin v27.3 - https:\/\/yoast.com\/product\/yoast-seo-wordpress\/ -->\n<title>Versanddrogerie - Drogerie Schweiz<\/title>\n<meta name=\"robots\" content=\"index, follow, max-snippet:-1, max-image-preview:large, max-video-preview:-1\" \/>\n<link rel=\"canonical\" href=\"https:\/\/versanddrogerie.ch\/\" \/>\n<meta property=\"og:locale\" content=\"de_DE\" \/>\n<meta property=\"og:type\" content=\"article\" \/>\n<meta property=\"og:title\" content=\"Versanddrogerie - Drogerie Schweiz\" \/>\n<meta property=\"og:description\" content=\"Eine Versanddrogerie ist ein Unternehmen, das Drogerieartikel \u00fcber das Internet verkauft und sie per Post oder Kurierdienst an den Kunden liefert. Die Artikel, die in einer Versanddrogerie angeboten werden, umfassen in der Regel Kosmetik, Pflegeprodukte, Haus- und Gartenbedarf, Babybedarf, Nahrungserg\u00e4nzungsmittel und andere Artikel des t\u00e4glichen Bedarfs. Es gibt auch Versandapotheken, die Medikamente und andere Gesundheitsprodukte [&hellip;]\" \/>\n<meta property=\"og:url\" content=\"https:\/\/versanddrogerie.ch\/\" \/>\n<meta property=\"og:site_name\" content=\"Drogerie Schweiz\" \/>\n<meta property=\"article:modified_time\" content=\"2025-02-19T13:14:18+00:00\" \/>\n<meta name=\"twitter:card\" content=\"summary_large_image\" \/>\n<meta name=\"twitter:label1\" content=\"Gesch\u00e4tzte Lesezeit\" \/>\n\t<meta name=\"twitter:data1\" content=\"2\u00a0Minuten\" \/>\n<script type=\"application\/ld+json\" class=\"yoast-schema-graph\">{\"@context\":\"https:\\\/\\\/schema.org\",\"@graph\":[{\"@type\":\"WebPage\",\"@id\":\"https:\\\/\\\/versanddrogerie.ch\\\/\",\"url\":\"https:\\\/\\\/versanddrogerie.ch\\\/\",\"name\":\"Versanddrogerie - Drogerie Schweiz\",\"isPartOf\":{\"@id\":\"https:\\\/\\\/versanddrogerie.ch\\\/#website\"},\"datePublished\":\"2023-01-03T20:54:07+00:00\",\"dateModified\":\"2025-02-19T13:14:18+00:00\",\"breadcrumb\":{\"@id\":\"https:\\\/\\\/versanddrogerie.ch\\\/#breadcrumb\"},\"inLanguage\":\"de\",\"potentialAction\":[{\"@type\":\"ReadAction\",\"target\":[\"https:\\\/\\\/versanddrogerie.ch\\\/\"]}]},{\"@type\":\"BreadcrumbList\",\"@id\":\"https:\\\/\\\/versanddrogerie.ch\\\/#breadcrumb\",\"itemListElement\":[{\"@type\":\"ListItem\",\"position\":1,\"name\":\"Startseite\",\"item\":\"https:\\\/\\\/versanddrogerie.ch\\\/\"},{\"@type\":\"ListItem\",\"position\":2,\"name\":\"Versanddrogerie\"}]},{\"@type\":\"WebSite\",\"@id\":\"https:\\\/\\\/versanddrogerie.ch\\\/#website\",\"url\":\"https:\\\/\\\/versanddrogerie.ch\\\/\",\"name\":\"Drogerie Schweiz\",\"description\":\"Online Versand-Drogerie\",\"potentialAction\":[{\"@type\":\"SearchAction\",\"target\":{\"@type\":\"EntryPoint\",\"urlTemplate\":\"https:\\\/\\\/versanddrogerie.ch\\\/?s={search_term_string}\"},\"query-input\":{\"@type\":\"PropertyValueSpecification\",\"valueRequired\":true,\"valueName\":\"search_term_string\"}}],\"inLanguage\":\"de\"}]}<\/script>\n<!-- \/ Yoast SEO plugin. -->","yoast_head_json":{"title":"Versanddrogerie - Drogerie Schweiz","robots":{"index":"index","follow":"follow","max-snippet":"max-snippet:-1","max-image-preview":"max-image-preview:large","max-video-preview":"max-video-preview:-1"},"canonical":"https:\/\/versanddrogerie.ch\/","og_locale":"de_DE","og_type":"article","og_title":"Versanddrogerie - Drogerie Schweiz","og_description":"Eine Versanddrogerie ist ein Unternehmen, das Drogerieartikel \u00fcber das Internet verkauft und sie per Post oder Kurierdienst an den Kunden liefert. Die Artikel, die in einer Versanddrogerie angeboten werden, umfassen in der Regel Kosmetik, Pflegeprodukte, Haus- und Gartenbedarf, Babybedarf, Nahrungserg\u00e4nzungsmittel und andere Artikel des t\u00e4glichen Bedarfs. Es gibt auch Versandapotheken, die Medikamente und andere Gesundheitsprodukte [&hellip;]","og_url":"https:\/\/versanddrogerie.ch\/","og_site_name":"Drogerie Schweiz","article_modified_time":"2025-02-19T13:14:18+00:00","twitter_card":"summary_large_image","twitter_misc":{"Gesch\u00e4tzte Lesezeit":"2\u00a0Minuten"},"schema":{"@context":"https:\/\/schema.org","@graph":[{"@type":"WebPage","@id":"https:\/\/versanddrogerie.ch\/","url":"https:\/\/versanddrogerie.ch\/","name":"Versanddrogerie - Drogerie Schweiz","isPartOf":{"@id":"https:\/\/versanddrogerie.ch\/#website"},"datePublished":"2023-01-03T20:54:07+00:00","dateModified":"2025-02-19T13:14:18+00:00","breadcrumb":{"@id":"https:\/\/versanddrogerie.ch\/#breadcrumb"},"inLanguage":"de","potentialAction":[{"@type":"ReadAction","target":["https:\/\/versanddrogerie.ch\/"]}]},{"@type":"BreadcrumbList","@id":"https:\/\/versanddrogerie.ch\/#breadcrumb","itemListElement":[{"@type":"ListItem","position":1,"name":"Startseite","item":"https:\/\/versanddrogerie.ch\/"},{"@type":"ListItem","position":2,"name":"Versanddrogerie"}]},{"@type":"WebSite","@id":"https:\/\/versanddrogerie.ch\/#website","url":"https:\/\/versanddrogerie.ch\/","name":"Drogerie Schweiz","description":"Online Versand-Drogerie","potentialAction":[{"@type":"SearchAction","target":{"@type":"EntryPoint","urlTemplate":"https:\/\/versanddrogerie.ch\/?s={search_term_string}"},"query-input":{"@type":"PropertyValueSpecification","valueRequired":true,"valueName":"search_term_string"}}],"inLanguage":"de"}]}},"_links":{"self":[{"href":"https:\/\/versanddrogerie.ch\/index.php?rest_route=\/wp\/v2\/pages\/13","targetHints":{"allow":["GET"]}}],"collection":[{"href":"https:\/\/versanddrogerie.ch\/index.php?rest_route=\/wp\/v2\/pages"}],"about":[{"href":"https:\/\/versanddrogerie.ch\/index.php?rest_route=\/wp\/v2\/types\/page"}],"author":[{"embeddable":true,"href":"https:\/\/versanddrogerie.ch\/index.php?rest_route=\/wp\/v2\/users\/1"}],"replies":[{"embeddable":true,"href":"https:\/\/versanddrogerie.ch\/index.php?rest_route=%2Fwp%2Fv2%2Fcomments&post=13"}],"version-history":[{"count":3,"href":"https:\/\/versanddrogerie.ch\/index.php?rest_route=\/wp\/v2\/pages\/13\/revisions"}],"predecessor-version":[{"id":19,"href":"https:\/\/versanddrogerie.ch\/index.php?rest_route=\/wp\/v2\/pages\/13\/revisions\/19"}],"wp:attachment":[{"href":"https:\/\/versanddrogerie.ch\/index.php?rest_route=%2Fwp%2Fv2%2Fmedia&parent=13"}],"curies":[{"name":"wp","href":"https:\/\/api.w.org\/{rel}","templated":true}]}}